{"id":21086,"date":"2022-12-04T16:14:34","date_gmt":"2022-12-04T15:14:34","guid":{"rendered":"https:\/\/www.girgea.org\/school-report\/"},"modified":"2024-12-24T19:14:08","modified_gmt":"2024-12-24T18:14:08","slug":"school-report","status":"publish","type":"page","link":"https:\/\/www.girgea.org\/en\/searches\/school-report\/","title":{"rendered":"School report"},"content":{"rendered":"\t\t<div data-elementor-type=\"wp-page\" data-elementor-id=\"21086\" class=\"elementor elementor-21086 elementor-186\" data-elementor-post-type=\"page\">\n\t\t\t\t<div class=\"elementor-element elementor-element-cfae3ee e-flex e-con-boxed e-con e-parent\" data-id=\"cfae3ee\" data-element_type=\"container\" data-e-type=\"container\" data-settings=\"{&quot;background_background&quot;:&quot;classic&quot;}\">\n\t\t\t\t\t<div class=\"e-con-inner\">\n\t\t<div class=\"elementor-element elementor-element-038d3c4 e-con-full e-flex e-con e-child\" data-id=\"038d3c4\" data-element_type=\"container\" data-e-type=\"container\">\n\t\t\t\t<div class=\"elementor-element elementor-element-e0c1985 elementor-widget elementor-widget-heading\" data-id=\"e0c1985\" data-element_type=\"widget\" data-e-type=\"widget\" data-widget_type=\"heading.default\">\n\t\t\t\t<div class=\"elementor-widget-container\">\n\t\t\t\t\t<h2 class=\"elementor-heading-title elementor-size-default\">School report<\/h2>\t\t\t\t<\/div>\n\t\t\t\t<\/div>\n\t\t\t\t<div class=\"elementor-element elementor-element-c702524 elementor-widget elementor-widget-text-editor\" data-id=\"c702524\" data-element_type=\"widget\" data-e-type=\"widget\" data-widget_type=\"text-editor.default\">\n\t\t\t\t<div class=\"elementor-widget-container\">\n\t\t\t\t\t\t\t\t\t<ul>\r\n \t<li><a href=\"https:\/\/www.girgea.org\/wp-content\/uploads\/Report-School-Helwan-Egypt2010.pdf\" rel=\"attachment wp-att-1434\">Report-School-Helwan-Egypt2010<\/a><\/li>\r\n \t<li><a href=\"https:\/\/www.girgea.org\/wp-content\/uploads\/Report-School-Kinshasa-RDC2011.pdf\" rel=\"attachment wp-att-1435\">Report-School-Kinshasa-RDC2011<\/a><\/li>\r\n \t<li><a href=\"https:\/\/www.girgea.org\/wp-content\/uploads\/ReportSchool-Rabat-Morocco-Morocco-2011.pdf\" rel=\"attachment wp-att-1430\">ReportSchool-Rabat-Morocco-Morocco-2011<\/a><\/li>\r\n \t<li><a href=\"https:\/\/www.girgea.org\/wp-content\/uploads\/Report_school-Algiers-Algeria-2013.pdf\" rel=\"attachment wp-att-1432\">Report_school-Algiers-Algeria-2013 IMAO-1<\/a><\/li>\r\n \t<li><a href=\"https:\/\/www.girgea.org\/wp-content\/uploads\/Report_School-Marrakech-Morocco-2014.pdf\" rel=\"attachment wp-att-1431\">Report_School Marrakech-Morocco-2014<\/a><\/li>\r\n \t<li><a href=\"https:\/\/www.girgea.org\/wp-content\/uploads\/Report-SchoolRabat-2015.pdf\" rel=\"attachment wp-att-1429\">Report-SchoolRabat-2015 IMAO-2<\/a><\/li>\r\n \t<li><a href=\"https:\/\/www.girgea.org\/wp-content\/uploads\/Report-School-Abidjan-C\u00f4ted_Ivoire-2017.pdf\" rel=\"attachment wp-att-1433\">Report-School-Abidjan-C\u00f4ted_Ivoire-2017 IMAO-3<\/a><\/li>\r\n \t<li><a href=\"https:\/\/www.girgea.org\/wp-content\/uploads\/Workshop_Report_Kenya_13-17May-2019.pdf\" rel=\"attachment wp-att-2194\">Report_Kenya_13-17May-2019<\/a><\/li>\r\n \t<li><a href=\"https:\/\/www.girgea.org\/wp-content\/uploads\/report-imao-2019.pdf\" rel=\"attachment wp-att-2460\">Report Thi\u00e8s-S\u00e9n\u00e9gal 2019 IMAO-4<\/a><\/li>\r\n \t<li><a href=\"https:\/\/www.girgea.org\/wp-content\/uploads\/Report-School-IMAO5_Abidjan-CI-2022.pdf\">Report School IMAO5 Abidjan CI 2022<\/a><\/li>\r\n \t<li><a href=\"https:\/\/www.girgea.org\/wp-content\/uploads\/GUINEA-Report-schoolIMAOC6-Conakry-Guinea-2024.pdf\">Report school IMAOC6 Conakry Guinea 2024<\/a><\/li>\r\n<\/ul>\t\t\t\t\t\t\t\t<\/div>\n\t\t\t\t<\/div>\n\t\t\t\t<\/div>\n\t\t<div class=\"elementor-element elementor-element-37c4c87 e-con-full e-flex e-con e-child\" data-id=\"37c4c87\" data-element_type=\"container\" data-e-type=\"container\">\n\t\t\t\t<div class=\"elementor-element elementor-element-ff853b3 elementor-widget elementor-widget-heading\" data-id=\"ff853b3\" data-element_type=\"widget\" data-e-type=\"widget\" data-widget_type=\"heading.default\">\n\t\t\t\t<div class=\"elementor-widget-container\">\n\t\t\t\t\t<h2 class=\"elementor-heading-title elementor-size-default\">our researches<\/h2>\t\t\t\t<\/div>\n\t\t\t\t<\/div>\n\t\t\t\t<div class=\"elementor-element elementor-element-c8f3b00 elementor-nav-menu__align-start elementor-nav-menu--dropdown-none elementor-widget elementor-widget-nav-menu\" data-id=\"c8f3b00\" data-element_type=\"widget\" data-e-type=\"widget\" data-settings=\"{&quot;layout&quot;:&quot;vertical&quot;,&quot;submenu_icon&quot;:{&quot;value&quot;:&quot;&lt;i class=\\&quot;fas fa-caret-down\\&quot; aria-hidden=\\&quot;true\\&quot;&gt;&lt;\\\/i&gt;&quot;,&quot;library&quot;:&quot;fa-solid&quot;}}\" data-widget_type=\"nav-menu.default\">\n\t\t\t\t<div class=\"elementor-widget-container\">\n\t\t\t\t\t\t\t\t<nav aria-label=\"Menu\" class=\"elementor-nav-menu--main elementor-nav-menu__container elementor-nav-menu--layout-vertical e--pointer-none\">\n\t\t\t\t<ul id=\"menu-1-c8f3b00\" class=\"elementor-nav-menu sm-vertical\"><li class=\"menu-item menu-item-type-post_type menu-item-object-page menu-item-21105\"><a href=\"https:\/\/www.girgea.org\/en\/searches\/news\/\" class=\"elementor-item menu-link\">News<\/a><\/li>\n<li class=\"menu-item menu-item-type-post_type menu-item-object-page menu-item-21106\"><a href=\"https:\/\/www.girgea.org\/en\/searches\/newsletter\/\" class=\"elementor-item menu-link\">Newsletter<\/a><\/li>\n<li class=\"menu-item menu-item-type-post_type menu-item-object-page menu-item-21107\"><a href=\"https:\/\/www.girgea.org\/en\/searches\/our-researchers\/\" class=\"elementor-item menu-link\">Our researchers<\/a><\/li>\n<li class=\"menu-item menu-item-type-post_type menu-item-object-page menu-item-21108\"><a href=\"https:\/\/www.girgea.org\/en\/searches\/school-report\/\" class=\"elementor-item menu-link\">School report<\/a><\/li>\n<li class=\"menu-item menu-item-type-post_type menu-item-object-page menu-item-21109\"><a href=\"https:\/\/www.girgea.org\/en\/searches\/theses\/\" class=\"elementor-item menu-link\">Th\u00e8ses<\/a><\/li>\n<li class=\"menu-item menu-item-type-post_type menu-item-object-page menu-item-21110\"><a href=\"https:\/\/www.girgea.org\/en\/searches\/software\/\" class=\"elementor-item menu-link\">Software<\/a><\/li>\n<li class=\"menu-item menu-item-type-post_type menu-item-object-page menu-item-21111\"><a href=\"https:\/\/www.girgea.org\/en\/searches\/review-articles\/\" class=\"elementor-item menu-link\">Review articles<\/a><\/li>\n<\/ul>\t\t\t<\/nav>\n\t\t\t\t\t\t<nav class=\"elementor-nav-menu--dropdown elementor-nav-menu__container\" aria-hidden=\"true\">\n\t\t\t\t<ul id=\"menu-2-c8f3b00\" class=\"elementor-nav-menu sm-vertical\"><li class=\"menu-item menu-item-type-post_type menu-item-object-page menu-item-21105\"><a href=\"https:\/\/www.girgea.org\/en\/searches\/news\/\" class=\"elementor-item menu-link\" tabindex=\"-1\">News<\/a><\/li>\n<li class=\"menu-item menu-item-type-post_type menu-item-object-page menu-item-21106\"><a href=\"https:\/\/www.girgea.org\/en\/searches\/newsletter\/\" class=\"elementor-item menu-link\" tabindex=\"-1\">Newsletter<\/a><\/li>\n<li class=\"menu-item menu-item-type-post_type menu-item-object-page menu-item-21107\"><a href=\"https:\/\/www.girgea.org\/en\/searches\/our-researchers\/\" class=\"elementor-item menu-link\" tabindex=\"-1\">Our researchers<\/a><\/li>\n<li class=\"menu-item menu-item-type-post_type menu-item-object-page menu-item-21108\"><a href=\"https:\/\/www.girgea.org\/en\/searches\/school-report\/\" class=\"elementor-item menu-link\" tabindex=\"-1\">School report<\/a><\/li>\n<li class=\"menu-item menu-item-type-post_type menu-item-object-page menu-item-21109\"><a href=\"https:\/\/www.girgea.org\/en\/searches\/theses\/\" class=\"elementor-item menu-link\" tabindex=\"-1\">Th\u00e8ses<\/a><\/li>\n<li class=\"menu-item menu-item-type-post_type menu-item-object-page menu-item-21110\"><a href=\"https:\/\/www.girgea.org\/en\/searches\/software\/\" class=\"elementor-item menu-link\" tabindex=\"-1\">Software<\/a><\/li>\n<li class=\"menu-item menu-item-type-post_type menu-item-object-page menu-item-21111\"><a href=\"https:\/\/www.girgea.org\/en\/searches\/review-articles\/\" class=\"elementor-item menu-link\" tabindex=\"-1\">Review articles<\/a><\/li>\n<\/ul>\t\t\t<\/nav>\n\t\t\t\t\t\t<\/div>\n\t\t\t\t<\/div>\n\t\t\t\t<\/div>\n\t\t\t\t\t<\/div>\n\t\t\t\t<\/div>\n\t\t\t\t<\/div>\n\t\t","protected":false},"excerpt":{"rendered":"<p>School report Report-School-Helwan-Egypt2010 Report-School-Kinshasa-RDC2011 ReportSchool-Rabat-Morocco-Morocco-2011 Report_school-Algiers-Algeria-2013 IMAO-1 Report_School Marrakech-Morocco-2014 Report-SchoolRabat-2015 IMAO-2 Report-School-Abidjan-C\u00f4ted_Ivoire-2017 IMAO-3 Report_Kenya_13-17May-2019 Report Thi\u00e8s-S\u00e9n\u00e9gal 2019 IMAO-4 Report School IMAO5 Abidjan CI 2022 Report school IMAOC6 Conakry Guinea 2024 our researches<\/p>\n","protected":false},"author":1,"featured_media":0,"parent":21114,"menu_order":0,"comment_status":"closed","ping_status":"closed","template":"","meta":{"_acf_changed":false,"site-sidebar-layout":"default","site-content-layout":"","ast-site-content-layout":"default","site-content-style":"default","site-sidebar-style":"default","ast-global-header-display":"","ast-banner-title-visibility":"","ast-main-header-display":"","ast-hfb-above-header-display":"","ast-hfb-below-header-display":"","ast-hfb-mobile-header-display":"","site-post-title":"","ast-breadcrumbs-content":"","ast-featured-img":"","footer-sml-layout":"","ast-disable-related-posts":"","theme-transparent-header-meta":"","adv-header-id-meta":"","stick-header-meta":"","header-above-stick-meta":"","header-main-stick-meta":"","header-below-stick-meta":"","astra-migrate-meta-layouts":"default","ast-page-background-enabled":"default","ast-page-background-meta":{"desktop":{"background-color":"var(--ast-global-color-4)","background-image":"","background-repeat":"repeat","background-position":"center center","background-size":"auto","background-attachment":"scroll","background-type":"","background-media":"","overlay-type":"","overlay-color":"","overlay-opacity":"","overlay-gradient":""},"tablet":{"background-color":"","background-image":"","background-repeat":"repeat","background-position":"center center","background-size":"auto","background-attachment":"scroll","background-type":"","background-media":"","overlay-type":"","overlay-color":"","overlay-opacity":"","overlay-gradient":""},"mobile":{"background-color":"","background-image":"","background-repeat":"repeat","background-position":"center center","background-size":"auto","background-attachment":"scroll","background-type":"","background-media":"","overlay-type":"","overlay-color":"","overlay-opacity":"","overlay-gradient":""}},"ast-content-background-meta":{"desktop":{"background-color":"var(--ast-global-color-5)","background-image":"","background-repeat":"repeat","background-position":"center center","background-size":"auto","background-attachment":"scroll","background-type":"","background-media":"","overlay-type":"","overlay-color":"","overlay-opacity":"","overlay-gradient":""},"tablet":{"background-color":"var(--ast-global-color-5)","background-image":"","background-repeat":"repeat","background-position":"center center","background-size":"auto","background-attachment":"scroll","background-type":"","background-media":"","overlay-type":"","overlay-color":"","overlay-opacity":"","overlay-gradient":""},"mobile":{"background-color":"var(--ast-global-color-5)","background-image":"","background-repeat":"repeat","background-position":"center center","background-size":"auto","background-attachment":"scroll","background-type":"","background-media":"","overlay-type":"","overlay-color":"","overlay-opacity":"","overlay-gradient":""}},"footnotes":""},"class_list":["post-21086","page","type-page","status-publish","hentry"],"acf":[],"yoast_head":"<!-- This site is optimized with the Yoast SEO plugin v27.0 - https:\/\/yoast.com\/product\/yoast-seo-wordpress\/ -->\n<title>School report - Girgea<\/title>\n<meta name=\"robots\" content=\"index, follow, max-snippet:-1, max-image-preview:large, max-video-preview:-1\" \/>\n<link rel=\"canonical\" href=\"https:\/\/www.girgea.org\/en\/searches\/school-report\/\" \/>\n<meta property=\"og:locale\" content=\"en_US\" \/>\n<meta property=\"og:type\" content=\"article\" \/>\n<meta property=\"og:title\" content=\"School report - Girgea\" \/>\n<meta property=\"og:description\" content=\"School report Report-School-Helwan-Egypt2010 Report-School-Kinshasa-RDC2011 ReportSchool-Rabat-Morocco-Morocco-2011 Report_school-Algiers-Algeria-2013 IMAO-1 Report_School Marrakech-Morocco-2014 Report-SchoolRabat-2015 IMAO-2 Report-School-Abidjan-C\u00f4ted_Ivoire-2017 IMAO-3 Report_Kenya_13-17May-2019 Report Thi\u00e8s-S\u00e9n\u00e9gal 2019 IMAO-4 Report School IMAO5 Abidjan CI 2022 Report school IMAOC6 Conakry Guinea 2024 our researches\" \/>\n<meta property=\"og:url\" content=\"https:\/\/www.girgea.org\/en\/searches\/school-report\/\" \/>\n<meta property=\"og:site_name\" content=\"Girgea\" \/>\n<meta property=\"article:modified_time\" content=\"2024-12-24T18:14:08+00:00\" \/>\n<meta name=\"twitter:card\" content=\"summary_large_image\" \/>\n<script type=\"application\/ld+json\" class=\"yoast-schema-graph\">{\"@context\":\"https:\/\/schema.org\",\"@graph\":[{\"@type\":\"WebPage\",\"@id\":\"https:\/\/www.girgea.org\/en\/searches\/school-report\/\",\"url\":\"https:\/\/www.girgea.org\/en\/searches\/school-report\/\",\"name\":\"School report - Girgea\",\"isPartOf\":{\"@id\":\"https:\/\/www.girgea.org\/en\/#website\"},\"datePublished\":\"2022-12-04T15:14:34+00:00\",\"dateModified\":\"2024-12-24T18:14:08+00:00\",\"breadcrumb\":{\"@id\":\"https:\/\/www.girgea.org\/en\/searches\/school-report\/#breadcrumb\"},\"inLanguage\":\"en-US\",\"potentialAction\":[{\"@type\":\"ReadAction\",\"target\":[\"https:\/\/www.girgea.org\/en\/searches\/school-report\/\"]}]},{\"@type\":\"BreadcrumbList\",\"@id\":\"https:\/\/www.girgea.org\/en\/searches\/school-report\/#breadcrumb\",\"itemListElement\":[{\"@type\":\"ListItem\",\"position\":1,\"name\":\"Accueil\",\"item\":\"https:\/\/www.girgea.org\/en\/home\/\"},{\"@type\":\"ListItem\",\"position\":2,\"name\":\"Searches\",\"item\":\"https:\/\/www.girgea.org\/en\/searches\/\"},{\"@type\":\"ListItem\",\"position\":3,\"name\":\"School report\"}]},{\"@type\":\"WebSite\",\"@id\":\"https:\/\/www.girgea.org\/en\/#website\",\"url\":\"https:\/\/www.girgea.org\/en\/\",\"name\":\"Girgea\",\"description\":\"Groupe de Recherche en G\u00e9ophysique Europe Afrique Asie Am\u00e9rique\",\"potentialAction\":[{\"@type\":\"SearchAction\",\"target\":{\"@type\":\"EntryPoint\",\"urlTemplate\":\"https:\/\/www.girgea.org\/en\/?s={search_term_string}\"},\"query-input\":{\"@type\":\"PropertyValueSpecification\",\"valueRequired\":true,\"valueName\":\"search_term_string\"}}],\"inLanguage\":\"en-US\"}]}<\/script>\n<!-- \/ Yoast SEO plugin. -->","yoast_head_json":{"title":"School report - Girgea","robots":{"index":"index","follow":"follow","max-snippet":"max-snippet:-1","max-image-preview":"max-image-preview:large","max-video-preview":"max-video-preview:-1"},"canonical":"https:\/\/www.girgea.org\/en\/searches\/school-report\/","og_locale":"en_US","og_type":"article","og_title":"School report - Girgea","og_description":"School report Report-School-Helwan-Egypt2010 Report-School-Kinshasa-RDC2011 ReportSchool-Rabat-Morocco-Morocco-2011 Report_school-Algiers-Algeria-2013 IMAO-1 Report_School Marrakech-Morocco-2014 Report-SchoolRabat-2015 IMAO-2 Report-School-Abidjan-C\u00f4ted_Ivoire-2017 IMAO-3 Report_Kenya_13-17May-2019 Report Thi\u00e8s-S\u00e9n\u00e9gal 2019 IMAO-4 Report School IMAO5 Abidjan CI 2022 Report school IMAOC6 Conakry Guinea 2024 our researches","og_url":"https:\/\/www.girgea.org\/en\/searches\/school-report\/","og_site_name":"Girgea","article_modified_time":"2024-12-24T18:14:08+00:00","twitter_card":"summary_large_image","schema":{"@context":"https:\/\/schema.org","@graph":[{"@type":"WebPage","@id":"https:\/\/www.girgea.org\/en\/searches\/school-report\/","url":"https:\/\/www.girgea.org\/en\/searches\/school-report\/","name":"School report - Girgea","isPartOf":{"@id":"https:\/\/www.girgea.org\/en\/#website"},"datePublished":"2022-12-04T15:14:34+00:00","dateModified":"2024-12-24T18:14:08+00:00","breadcrumb":{"@id":"https:\/\/www.girgea.org\/en\/searches\/school-report\/#breadcrumb"},"inLanguage":"en-US","potentialAction":[{"@type":"ReadAction","target":["https:\/\/www.girgea.org\/en\/searches\/school-report\/"]}]},{"@type":"BreadcrumbList","@id":"https:\/\/www.girgea.org\/en\/searches\/school-report\/#breadcrumb","itemListElement":[{"@type":"ListItem","position":1,"name":"Accueil","item":"https:\/\/www.girgea.org\/en\/home\/"},{"@type":"ListItem","position":2,"name":"Searches","item":"https:\/\/www.girgea.org\/en\/searches\/"},{"@type":"ListItem","position":3,"name":"School report"}]},{"@type":"WebSite","@id":"https:\/\/www.girgea.org\/en\/#website","url":"https:\/\/www.girgea.org\/en\/","name":"Girgea","description":"Groupe de Recherche en G\u00e9ophysique Europe Afrique Asie Am\u00e9rique","potentialAction":[{"@type":"SearchAction","target":{"@type":"EntryPoint","urlTemplate":"https:\/\/www.girgea.org\/en\/?s={search_term_string}"},"query-input":{"@type":"PropertyValueSpecification","valueRequired":true,"valueName":"search_term_string"}}],"inLanguage":"en-US"}]}},"_links":{"self":[{"href":"https:\/\/www.girgea.org\/en\/wp-json\/wp\/v2\/pages\/21086","targetHints":{"allow":["GET"]}}],"collection":[{"href":"https:\/\/www.girgea.org\/en\/wp-json\/wp\/v2\/pages"}],"about":[{"href":"https:\/\/www.girgea.org\/en\/wp-json\/wp\/v2\/types\/page"}],"author":[{"embeddable":true,"href":"https:\/\/www.girgea.org\/en\/wp-json\/wp\/v2\/users\/1"}],"replies":[{"embeddable":true,"href":"https:\/\/www.girgea.org\/en\/wp-json\/wp\/v2\/comments?post=21086"}],"version-history":[{"count":9,"href":"https:\/\/www.girgea.org\/en\/wp-json\/wp\/v2\/pages\/21086\/revisions"}],"predecessor-version":[{"id":22257,"href":"https:\/\/www.girgea.org\/en\/wp-json\/wp\/v2\/pages\/21086\/revisions\/22257"}],"up":[{"embeddable":true,"href":"https:\/\/www.girgea.org\/en\/wp-json\/wp\/v2\/pages\/21114"}],"wp:attachment":[{"href":"https:\/\/www.girgea.org\/en\/wp-json\/wp\/v2\/media?parent=21086"}],"curies":[{"name":"wp","href":"https:\/\/api.w.org\/{rel}","templated":true}]}}